{"id":14,"date":"2026-02-18T07:39:40","date_gmt":"2026-02-18T07:39:40","guid":{"rendered":"https:\/\/adjusteye.com\/privacy-policy\/"},"modified":"2026-02-18T07:39:40","modified_gmt":"2026-02-18T07:39:40","slug":"privacy-policy","status":"publish","type":"page","link":"https:\/\/adjusteye.com\/sk\/privacy-policy\/","title":{"rendered":"Privacy Policy"},"content":{"rendered":"<style>\n.flgb-ft-header {\n    background-color: #ffffff;\n    width: 100%;\n    padding: 10px var(--flgb-content-padding);\n    box-sizing: border-box;\n}\n.flgb-ft-header * {\n    box-sizing: border-box;\n}\n.flgb-ft-header-inner {\n    display: flex;\n    flex-direction: row;\n    align-items: center;\n    justify-content: space-between;\n    width: 100%;\n    max-width: 1120px;\n    margin: 0 auto;\n}\n.flgb-ft-header-logo img {\n    height: 25px;\n    width: auto;\n    display: block;\n}\n.flgb-ft-header-cta {\n    display: inline-block;\n    padding: 10px 25px;\n    font-size: 16px;\n    font-weight: 700;\n    line-height: 1;\n    text-decoration: none;\n    border-radius: 5px;\n    border: 2px solid #000000;\n    color: #000000;\n    background-color: #ffffff;\n    transition: all 0.2s ease;\n}\n.flgb-ft-header-cta:hover {\n    color: #ffffff;\n    background-color: #000000;\n    border-color: #000000;\n    text-decoration: none;\n}\n@media (max-width: 479px) {\n    .flgb-ft-header-cta {\n        font-size: 12px;\n        padding: 10px var(--flgb-content-padding);\n    }\n}\n<\/style>\n<div class=\"flgb-ft-header\">\n    <div class=\"flgb-ft-header-inner\">\n        <div class=\"flgb-ft-header-logo\">\n                        <a href=\"https:\/\/adjusteye.com\/sk\/\">\n                <img decoding=\"async\" src=\"https:\/\/adjusteye.com\/wp-content\/uploads\/2026\/02\/ae-logo-b-1.png\" alt=\"AdjustEye\" \/>\n            <\/a>\n                    <\/div>\n                <a href=\"https:\/\/adjusteye.com\/sk\/select-qty\" class=\"flgb-ft-header-cta\">Objedna\u0165 teraz!<\/a>\n            <\/div>\n<\/div>\n<style>\n.flgb-ft-page-section {\n    background-color: #eff1f6;\n    padding: 50px var(--flgb-content-padding);\n    width: 100%;\n    box-sizing: border-box;\n}\n.flgb-ft-page-section * {\n    box-sizing: border-box;\n}\n.flgb-ft-page-container {\n    background-color: #ffffff;\n    padding: 40px;\n    max-width: 900px;\n    width: 100%;\n    margin: 0 auto;\n    box-shadow: 0 0 10px 0 #d6d6d6;\n}\n@media (max-width: 991px) {\n    .flgb-ft-page-section {\n        padding: 40px var(--flgb-content-padding);\n    }\n}\n@media (max-width: 767px) {\n    .flgb-ft-page-section {\n        padding: 40px var(--flgb-content-padding);\n    }\n    .flgb-ft-page-container {\n        padding: 30px;\n    }\n}\n@media (max-width: 479px) {\n    .flgb-ft-page-section {\n        padding: 25px 0;\n    }\n    .flgb-ft-page-container {\n        padding: 25px 10px 25px 10px;\n    }\n}\n<\/style>\n<div class=\"flgb-ft-page-section\">\n    <div class=\"flgb-ft-page-container\">\n        <h2 style=\"text-align: center;\">Ochrana osobn\u00fdch \u00fadajov<\/h2>\n    \n    <h4>I. Z\u00e1kladn\u00e9 ustanovenia<\/h4>\n    \n    <p>1. Prev\u00e1dzkovate\u013eom osobn\u00fdch \u00fadajov pod\u013ea \u00a7 5 p\u00edsm. o) z\u00e1kona \u010d. 18\/2018 Z.z. o ochrane osobn\u00fdch \u00fadajov v znen\u00ed neskor\u0161\u00edch predpisov (\u010falej len \u201e<strong>Z\u00e1kon<\/strong>\") je:<\/p>\n    \n    <p>konsuma s.r.o.<br \/>\n    Lermontovova 911\/3<br \/>\n81105 Bratislava<br>\n    Slovensko\n    <\/p>\n\n    <p>I\u010cO: 56392524<br \/>\n    DI\u010c: 2122295868<br \/>\n    I\u010c DPH: SK2122295868<\/p>\n    \n    <p>(\u010falej len: \u201e<strong>prev\u00e1dzkovate\u013e<\/strong>\").<\/p>\n\n    <p>2. Kontaktn\u00e9 \u00fadaje prev\u00e1dzkovate\u013ea s\u00fa:<\/p>\n\n    <p>E-mail: <a href=\"mailto:info@adjusteye.com\">info@adjusteye.com<\/a><\/p>\n\n    <p>3. Osobn\u00fdmi \u00fadajmi sa rozumej\u00fa v\u0161etky inform\u00e1cie o identifikovanej alebo identifikovate\u013enej fyzickej osobe; identifikovate\u013enou fyzickou osobou je fyzick\u00e1 osoba, ktor\u00fa mo\u017eno priamo \u010di nepriamo identifikova\u0165, najm\u00e4 odkazom na ur\u010dit\u00fd identifik\u00e1tor, napr\u00edklad meno, identifika\u010dn\u00e9 \u010d\u00edslo, lokaliza\u010dn\u00e9 \u00fadaje, sie\u0165ov\u00fd identifik\u00e1tor alebo odkazom na jeden \u010di viac zvl\u00e1\u0161tnych prvkov fyzickej, fyziologickej, genetickej, psychickej, ekonomickej, kult\u00farnej alebo spolo\u010denskej identity tejto fyzickej osoby.<\/p>\n\n    <p>4. Prev\u00e1dzkovate\u013e nevymenoval zodpovedn\u00fa osobu pre ochranu osobn\u00fdch \u00fadajov.<\/p>\n\n    <h4>II. Zdroje a kateg\u00f3rie spracov\u00e1van\u00fdch osobn\u00fdch \u00fadajov<\/h4>\n\n    <p>1. Prev\u00e1dzkovate\u013e spracov\u00e1va osobn\u00e9 \u00fadaje, ktor\u00e9 ste mu poskytol\/la alebo osobn\u00e9 \u00fadaje, ktor\u00e9 prev\u00e1dzkovate\u013e z\u00edskal na z\u00e1klade plnenia Va\u0161ej objedn\u00e1vky.<\/p>\n\n    <p>2. Prev\u00e1dzkovate\u013e spracov\u00e1va Va\u0161e identifika\u010dn\u00e9 a kontaktn\u00e9 \u00fadaje a \u00fadaje nutn\u00e9 pre plnenie zmluvy.<\/p>\n\n    <h4>III. Z\u00e1konn\u00fd d\u00f4vod a \u00fa\u010del spracovania osobn\u00fdch \u00fadajov<\/h4>\n\n    <p>1. Z\u00e1konn\u00fdm d\u00f4vodom spracovania osobn\u00fdch \u00fadajov je<\/p>\n\n    <ul>\n        <li>plnenie zmluvy medzi Vami a prev\u00e1dzkovate\u013eom pod\u013ea \u00a7 13 ods. 1 p\u00edsm. b) Z\u00e1kona,<\/li>\n        <li>opr\u00e1vnen\u00fd z\u00e1ujem prev\u00e1dzkovate\u013ea na poskytovan\u00ed priameho marketingu (najm\u00e4 pre zasielanie obchodn\u00fdch oznamov a newsletterov) pod\u013ea \u00a7 13 ods. 1 p\u00edsm. f) Z\u00e1kona,<\/li>\n        <li>V\u00e1\u0161 s\u00fahlas so spracovan\u00edm pre \u00fa\u010dely poskytovania priameho marketingu (najm\u00e4 pre zasielanie obchodn\u00fdch oznamov a newsletterov) pod\u013ea \u00a7 13 ods. 1 p\u00edsm. a) Z\u00e1kona<\/li>\n    <\/ul>\n\n    <p>2. \u00da\u010delom spracovania osobn\u00fdch \u00fadajov je<\/p>\n\n    <ul>\n        <li>vybavenie Va\u0161ej objedn\u00e1vky a v\u00fdkon pr\u00e1v a povinnost\u00ed vypl\u00fdvaj\u00facich zo zmluvn\u00e9ho vz\u0165ahu medzi Vami a prev\u00e1dzkovate\u013eom; pri objedn\u00e1vke s\u00fa vy\u017eadovan\u00e9 osobn\u00e9 \u00fadaje, ktor\u00e9 s\u00fa nutn\u00e9 pre \u00faspe\u0161n\u00e9 vybavenie objedn\u00e1vky (meno a adresa, kontakt), poskytnutie osobn\u00fdch \u00fadajov je nutnou po\u017eiadavkou pre uzavretie a plnenie zmluvy, bez poskytnutia osobn\u00fdch \u00fadajov nie je mo\u017en\u00e9 zmluvu uzavrie\u0165 \u010di ju zo strany prev\u00e1dzkovate\u013ea plni\u0165,<\/li>\n        <li>zasielanie obchodn\u00fdch oznamov a v\u00fdkon \u010fal\u0161\u00edch marketingov\u00fdch aktiv\u00edt.<\/li>\n    <\/ul>\n\n    <p>3. Zo strany prev\u00e1dzkovate\u013ea nedoch\u00e1dza \/ doch\u00e1dza k automatick\u00e9mu individu\u00e1lnemu rozhodovaniu v zmysle \u00a7 28 Z\u00e1kona. S tak\u00fdm spracovan\u00edm ste poskytol\/la svoj v\u00fdslovn\u00fd s\u00fahlas.<\/p>\n\n    <h4>IV. Doba uchov\u00e1vania osobn\u00fdch \u00fadajov<\/h4>\n\n    <p>1. Prev\u00e1dzkovate\u013e uchov\u00e1va osobn\u00e9 \u00fadaje<\/p>\n\n    <ul>\n        <li>po dobu nevyhnutn\u00fa k v\u00fdkonu pr\u00e1v a povinnost\u00ed vypl\u00fdvaj\u00facich zo zmluvn\u00e9ho vz\u0165ahu medzi Vami a prev\u00e1dzkovate\u013eom a uplat\u0148ovanie n\u00e1rokov z t\u00fdchto zmluvn\u00fdch vz\u0165ahov (po dobu 15 rokov od ukon\u010den\u00ed zmluvn\u00e9ho vz\u0165ahu).<\/li>\n        <li>po dobu, ne\u017e je odvolan\u00fd s\u00fahlas so spracovan\u00edm osobn\u00fdch \u00fadajov pre \u00fa\u010dely marketingu, najdlh\u0161ie 10 rokov.<\/li>\n    <\/ul>\n\n    <p>2. Po uplynut\u00ed doby uchov\u00e1vania osobn\u00fdch \u00fadajov prev\u00e1dzkovate\u013e osobn\u00e9 \u00fadaje vyma\u017ee.<\/p>\n\n    <h4>V. Pr\u00edjemcovia osobn\u00fdch \u00fadajov (subdod\u00e1vatelia prev\u00e1dzkovate\u013ea)<\/h4>\n\n    <p>1. Pr\u00edjemcovia osobn\u00fdch \u00fadajov s\u00fa osoby<\/p>\n\n    <ul>\n        <li>Podie\u013eaj\u00face sa na dod\u00e1van\u00ed tovaru \/ slu\u017eieb \/ realiz\u00e1cii platieb na z\u00e1klade zmluvy,<\/li>\n        <li>zais\u0165uj\u00face slu\u017eby prev\u00e1dzkovania e-shopu (Shoptet) a \u010fal\u0161ie slu\u017eby v s\u00favislosti s prev\u00e1dzkovan\u00edm e-shopu,<\/li>\n        <li>zais\u0165uj\u00face marketingov\u00e9 slu\u017eby.<\/li>\n    <\/ul>\n\n    <p>2. Prev\u00e1dzkovate\u013e nem\u00e1 \/ m\u00e1 v \u00famysle odovzda\u0165 osobn\u00e9 \u00fadaje do tretej krajiny (do krajiny mimo EU) alebo medzin\u00e1rodnej organiz\u00e1cii. Pr\u00edjemcovia osobn\u00fdch \u00fadajov v tret\u00edch krajin\u00e1ch s\u00fa poskytovatelia mailingov\u00fdch slu\u017eieb \/ cloudov\u00fdch slu\u017eieb.<\/p>\n\n    <h4>VI. Va\u0161e pr\u00e1va<\/h4>\n\n    <p>1. Za podmienok stanoven\u00fdch v Z\u00e1kone m\u00e1te<\/p>\n\n    <ul>\n        <li>pr\u00e1vo na pr\u00edstup ku svoj\u00edm osobn\u00fdm \u00fadajom pod\u013ea \u00a7 21 Z\u00e1kona,<\/li>\n        <li>pr\u00e1vo na opravu osobn\u00fdch \u00fadajov pod\u013ea \u00a7 22 Z\u00e1kona, popr\u00edpade obmedzenie spracovania pod\u013ea \u00a7 24 Z\u00e1kona,<\/li>\n        <li>pr\u00e1vo na v\u00fdmaz osobn\u00fdch \u00fadajov pod\u013ea \u00a7 23 Z\u00e1kona,<\/li>\n        <li>pr\u00e1vo vznies\u0165 n\u00e1mietku proti spracovaniu pod\u013ea \u00a7 27 Z\u00e1kona,<\/li>\n        <li>pr\u00e1vo na prenosite\u013enos\u0165 \u00fadajov pod\u013ea \u00a7 26 Z\u00e1kona,<\/li>\n        <li>pr\u00e1vo odvola\u0165 s\u00fahlas so spracovan\u00edm p\u00edsomne alebo elektronicky na adresu alebo email prev\u00e1dzkovate\u013ea uveden\u00fd v \u010dl. III t\u00fdchto podmienok.<\/li>\n    <\/ul>\n\n    <p>2. \u010ealej m\u00e1te pr\u00e1vo poda\u0165 s\u0165a\u017enos\u0165 u \u00daradu pre ochranu osobn\u00fdch \u00fadajov v pr\u00edpade, \u017ee sa domnievate, \u017ee bolo poru\u0161en\u00e9 Va\u0161e pr\u00e1vo na ochranu osobn\u00fdch \u00fadajov.<\/p>\n\n    <h4>VII. Podmienky zabezpe\u010den\u00ed osobn\u00fdch \u00fadajov<\/h4>\n\n    <p>1. Prev\u00e1dzkovate\u013e prehlasuje, \u017ee prijal v\u0161etky vhodn\u00e9 technick\u00e9 a organiza\u010dn\u00e9 opatrenia k zabezpe\u010deniu osobn\u00fdch \u00fadajov.<\/p>\n\n    <p>2. Prev\u00e1dzkovate\u013e prijal technick\u00e9 opatrenia k zabezpe\u010deniu d\u00e1tov\u00fdch \u00falo\u017e\u00edsk a \u00falo\u017e\u00edsk osobn\u00fdch \u00fadajov v listinnej podobe.<\/p>\n\n    <p>3. Prev\u00e1dzkovate\u013e prehlasuje, \u017ee k osobn\u00fdm \u00fadajom maj\u00fa pr\u00edstup len n\u00edm poveren\u00e9 osoby.<\/p>\n\n    <h4>VIII. Z\u00e1vere\u010dn\u00e9 ustanovenia<\/h4>\n\n    <p>1. Odoslan\u00edm objedn\u00e1vky z internetov\u00e9ho objedn\u00e1vkov\u00e9ho formul\u00e1ra potvrdzujete, \u017ee ste obozn\u00e1men\u00fd\/\u00e1 s podmienkami ochrany osobn\u00fdch \u00fadajov a \u017ee ich v celom rozsahu prij\u00edmate.<\/p>\n\n    <p>2. S t\u00fdmito podmienkami s\u00fahlas\u00edte za\u0161krtnut\u00edm s\u00fahlasu prostredn\u00edctvom internetov\u00e9ho formul\u00e1ra. Za\u0161krtnut\u00edm s\u00fahlasu potvrdzujete, \u017ee ste obozn\u00e1men\u00fd\/obozn\u00e1men\u00e1 s podmienkami ochrany osobn\u00fdch \u00fadajov a \u017ee ich v celom rozsahu prij\u00edmate.<\/p>\n\n    <p>3. Prev\u00e1dzkovate\u013e je opr\u00e1vnen\u00fd tieto podmienky zmeni\u0165. Nov\u00fa verziu podmienok ochrany osobn\u00fdch \u00fadajov zverejn\u00ed na svojich internetov\u00fdch str\u00e1nkach a z\u00e1rove\u0148 V\u00e1m za\u0161le nov\u00fa verziu t\u00fdchto podmienok na Va\u0161u e-mailov\u00fa adresu, ktor\u00fa ste prev\u00e1dzkovate\u013eovi poskytol\/la.<\/p>\n\n    <p>Tieto podmienky nadob\u00fadaj\u00fa \u00fa\u010dinnos\u0165 d\u0148a 1.1.2025<\/p>    <\/div>\n<\/div>\n<style>\n.flgb-ft-full-footer * {\n    box-sizing: border-box;\n}\n.flgb-ft-full-footer {\n    color: #dbdbdb;\n    font-family: 'Montserrat', sans-serif;\n    font-size: 14px;\n    line-height: 1.4;\n    width: 100%;\n    padding: 45px var(--flgb-content-padding);\n    background-color: #000000;\n}\n.flgb-ft-full-footer a {\n    color: #dbdbdb;\n    text-decoration: none;\n}\n.flgb-ft-full-footer a:hover {\n    text-decoration: underline;\n}\n.flgb-ft-footer-main-row {\n    display: flex;\n    flex-direction: row;\n    gap: 30px;\n    width: 100%;\n    max-width: 1120px;\n    margin: 0 auto;\n}\n.flgb-ft-footer-half {\n    display: flex;\n    flex-direction: row;\n    width: 50%;\n    gap: 30px;\n}\n.flgb-ft-footer-col {\n    width: 50%;\n    display: flex;\n    flex-direction: column;\n    gap: 15px;\n}\n.flgb-ft-footer-header {\n    font-weight: 600;\n    font-size: 16px;\n    color: #ffffff;\n}\n.flgb-ft-footer-links {\n    display: flex;\n    flex-direction: column;\n    gap: 12px;\n}\n.flgb-ft-footer-contact-item {\n    display: flex;\n    align-items: flex-start;\n    gap: 8px;\n}\n.flgb-ft-lang-switcher {\n    margin-top: 5px;\n}\n\n\/* Tablet *\/\n@media (max-width: 991px) {\n    .flgb-ft-full-footer {\n        padding: 40px var(--flgb-content-padding);\n    }\n    .flgb-ft-footer-main-row {\n        flex-direction: column;\n        gap: 20px;\n    }\n    .flgb-ft-footer-half {\n        width: 100%;\n    }\n}\n\n\/* Mobile *\/\n@media (max-width: 767px) {\n    .flgb-ft-footer-half {\n        flex-direction: column;\n        gap: 20px;\n    }\n    .flgb-ft-footer-col {\n        width: 100%;\n        text-align: center;\n        align-items: center;\n    }\n    .flgb-ft-footer-contact-item {\n        justify-content: center;\n    }\n    .flgb-ft-footer-links {\n        align-items: center;\n    }\n    .flgb-ft-lang-switcher {\n        display: flex;\n        justify-content: center;\n    }\n}\n\n\/* Small mobile *\/\n@media (max-width: 479px) {\n    .flgb-ft-full-footer {\n        padding: 24px var(--flgb-content-padding);\n    }\n    .flgb-ft-footer-links {\n        gap: 10px;\n    }\n}\n\n\/* Credits bar *\/\n.flgb-ft-credits-bar {\n    background-color: #ffffff;\n    width: 100%;\n    font-family: 'Montserrat', sans-serif;\n    font-size: 13px;\n    color: inherit;\n}\n.flgb-ft-credits-bar-inner {\n    display: flex;\n    flex-direction: row;\n    justify-content: space-between;\n    align-items: center;\n    width: 100%;\n    max-width: 1120px;\n    margin: 0 auto;\n    padding: 10px var(--flgb-content-padding);\n}\n.flgb-ft-credits-bar .flgb-ft-lang-switcher .trp-shortcode-switcher__wrapper,\n.flgb-ft-credits-bar .flgb-ft-lang-switcher .trp-language-switcher {\n    border: none !important;\n    padding: 0 !important;\n}\n@media (max-width: 767px) {\n    .flgb-ft-credits-bar-inner {\n        flex-direction: column;\n        text-align: center;\n        gap: 0;\n    }\n    .flgb-ft-credits-bar .flgb-ft-lang-switcher {\n        display: flex;\n        justify-content: center;\n    }\n}\n<\/style>\n\n<div class=\"flgb-ft-full-footer\" data-variant=\"home\">\n    <div class=\"flgb-ft-footer-main-row\">\n        \n        <!-- Left Half -->\n        <div class=\"flgb-ft-footer-half\">\n            \n            <!-- Column 1: Logo + Language Switcher + Shop -->\n            <div class=\"flgb-ft-footer-col\">\n                                <a href=\"https:\/\/adjusteye.com\/sk\/\">\n                    <img decoding=\"async\" src=\"https:\/\/adjusteye.com\/wp-content\/uploads\/2026\/02\/ae-logo-w-1.png\" \n                         alt=\"AdjustEye\" \n                         style=\"width: auto; height: 25px; display: block;\" \/>\n                <\/a>\n                                \n                                <div class=\"flgb-ft-lang-switcher\" style=\"width: 100%;\">\n                    <div class=\"trp-shortcode-switcher__wrapper\"\r\n     style=\"--bg:#ffffff;--bg-hover:#0000000d;--text:#143852;--text-hover:#1d2327;--border:1px solid #1438521a;--border-width:1px;--border-color:#1438521a;--border-radius:5px;--flag-radius:2px;--flag-size:18px;--aspect-ratio:4\/3;--font-size:14px;--transition-duration:0.2s\"\r\n     role=\"group\"\r\n     data-open-mode=\"hover\">\r\n\r\n    \r\n        <!-- ANCHOR (in-flow only; sizing\/borders; inert) -->\r\n        <div class=\"trp-language-switcher trp-ls-dropdown trp-shortcode-switcher trp-shortcode-anchor trp-open-on-hover\"\r\n             aria-hidden=\"true\"\r\n             inert\r\n data-no-translation>\r\n                <div class=\"trp-current-language-item__wrapper\">\r\n        <a class=\"trp-language-item trp-language-item__default trp-language-item__current\" data-no-translation href=\"https:\/\/adjusteye.com\/sk\/wp-json\/wp\/v2\/pages\/14\" title=\"Slovak\"><img decoding=\"async\" src=\"https:\/\/adjusteye.com\/wp-content\/plugins\/translatepress-multilingual\/assets\/flags\/4x3\/sk_SK.svg\" class=\"trp-flag-image\" alt=\"\" role=\"presentation\" loading=\"lazy\" \/><span class=\"trp-language-item-name\">Slovak<\/span><\/a>                    <svg class=\"trp-shortcode-arrow\" width=\"20\" height=\"20\" viewbox=\"0 0 20 21\" fill=\"none\" aria-hidden=\"true\" focusable=\"false\" xmlns=\"http:\/\/www.w3.org\/2000\/svg\">\r\n                <path d=\"M5 8L10 13L15 8\" stroke=\"var(--text)\" stroke-width=\"2\" stroke-linecap=\"round\" stroke-linejoin=\"round\"\/>\r\n            <\/svg>\r\n            <\/div>\r\n            <\/div>\r\n\r\n        <!-- OVERLAY (positioned; interactive surface) -->\r\n        <div class=\"trp-language-switcher trp-ls-dropdown trp-shortcode-switcher trp-shortcode-overlay trp-open-on-hover\"\r\n             role=\"navigation\"\r\n             aria-label=\"Website language selector\"\r\n             data-no-translation\r\n>\r\n                <div class=\"trp-current-language-item__wrapper\">\r\n        <div class=\"trp-language-item trp-language-item__default trp-language-item__current\" data-no-translation role=\"button\" aria-expanded=\"false\" tabindex=\"0\" aria-label=\"Change language\" aria-controls=\"trp-shortcode-dropdown-69e0efbd7d80a\"><img decoding=\"async\" src=\"https:\/\/adjusteye.com\/wp-content\/plugins\/translatepress-multilingual\/assets\/flags\/4x3\/sk_SK.svg\" class=\"trp-flag-image\" alt=\"\" role=\"presentation\" loading=\"lazy\" \/><span class=\"trp-language-item-name\">Slovak<\/span><\/div>                    <svg class=\"trp-shortcode-arrow\" width=\"20\" height=\"20\" viewbox=\"0 0 20 21\" fill=\"none\" aria-hidden=\"true\" focusable=\"false\" xmlns=\"http:\/\/www.w3.org\/2000\/svg\">\r\n                <path d=\"M5 8L10 13L15 8\" stroke=\"var(--text)\" stroke-width=\"2\" stroke-linecap=\"round\" stroke-linejoin=\"round\"\/>\r\n            <\/svg>\r\n            <\/div>\r\n    \r\n            <div class=\"trp-switcher-dropdown-list\"\r\n                 id=\"trp-shortcode-dropdown-69e0efbd7d80a\"\r\n                 role=\"group\"\r\n                 aria-label=\"Available languages\"\r\n                 hidden\r\n inert\r\n>\r\n                                                            <a class=\"trp-language-item\" href=\"https:\/\/adjusteye.com\/sk\/wp-json\/wp\/v2\/pages\/14\" title=\"English\">\r\n                            <img decoding=\"async\" src=\"https:\/\/adjusteye.com\/wp-content\/plugins\/translatepress-multilingual\/assets\/flags\/4x3\/en_US.svg\" class=\"trp-flag-image\" alt=\"\" role=\"presentation\" loading=\"lazy\" \/>                                                            <span class=\"trp-language-item-name\" data-no-translation>English<\/span>\r\n                                                                                <\/a>\r\n                                            <a class=\"trp-language-item\" href=\"https:\/\/adjusteye.com\/sk\/wp-json\/wp\/v2\/pages\/14\" title=\"Czech\">\r\n                            <img decoding=\"async\" src=\"https:\/\/adjusteye.com\/wp-content\/plugins\/translatepress-multilingual\/assets\/flags\/4x3\/cs_CZ.svg\" class=\"trp-flag-image\" alt=\"\" role=\"presentation\" loading=\"lazy\" \/>                                                            <span class=\"trp-language-item-name\" data-no-translation>Czech<\/span>\r\n                                                                                <\/a>\r\n                                                <\/div>\r\n        <\/div>\r\n\r\n    <\/div>\r\n                <\/div>\n                                \n                            <\/div>\n            \n            <!-- Column 2: INFO -->\n            <div class=\"flgb-ft-footer-col\">\n                                <div class=\"flgb-ft-footer-header\">INFO<\/div>\n                                <div class=\"flgb-ft-footer-links\">\n                    <a href=\"https:\/\/adjusteye.com\/sk\/terms-and-conditions\/\">Obchodn\u00e9 podmienky<\/a>\n                    <a href=\"https:\/\/adjusteye.com\/sk\/privacy-policy\/\">Ochrana osobn\u00fdch \u00fadajov<\/a>\n                    <a href=\"https:\/\/adjusteye.com\/sk\/shipping-policy\/\">Z\u00e1sady dopravy<\/a>\n                    <a href=\"https:\/\/adjusteye.com\/sk\/payment-policy\/\">Platobn\u00e9 podmienky<\/a>\n                    <a href=\"https:\/\/adjusteye.com\/sk\/about-us\/\">O n\u00e1s<\/a>\n                    <a href=\"https:\/\/adjusteye.com\/sk\/disclaimer\/\">Vyl\u00fa\u010denie zodpovednosti<\/a>\n                <\/div>\n            <\/div>\n            \n        <\/div>\n        \n        <!-- Right Half -->\n        <div class=\"flgb-ft-footer-half\">\n            \n            <!-- Column 3: ORDER -->\n            <div class=\"flgb-ft-footer-col\">\n                                <div class=\"flgb-ft-footer-header\">OBJEDN\u00c1VKA<\/div>\n                                <div class=\"flgb-ft-footer-links\">\n                    <a href=\"https:\/\/adjusteye.com\/sk\/order-tracking\/\">Sledovanie z\u00e1sielky<\/a>\n                    <a href=\"https:\/\/adjusteye.com\/sk\/refund-and-return-policy\/\">Vr\u00e1tenie tovaru a pe\u0148az\u00ed<\/a>\n                    <a href=\"https:\/\/adjusteye.com\/sk\/faq\/\">FAQ<\/a>\n                    <a href=\"https:\/\/adjusteye.com\/sk\/contact\/\">Kontakt<\/a>\n                <\/div>\n            <\/div>\n            \n            <!-- Column 4: CUSTOMER SUPPORT -->\n            <div class=\"flgb-ft-footer-col\">\n                                <div class=\"flgb-ft-footer-header\">Z\u00c1KAZN\u00cdCKA PODPORA<\/div>\n                                <div class=\"flgb-ft-footer-links\">\n                    <div>Sme k dispoz\u00edcii ka\u017ed\u00fd pracovn\u00fd de\u0148 od 08:00 do 18:00.<\/div>\n                    <div class=\"flgb-ft-footer-contact-item\">\n                        <svg width=\"18\" height=\"18\" viewbox=\"0 0 24 24\" fill=\"none\" stroke=\"currentColor\" stroke-width=\"1.5\" stroke-linecap=\"round\" stroke-linejoin=\"round\" style=\"flex-shrink:0\"><rect x=\"2\" y=\"4\" width=\"20\" height=\"16\" rx=\"2\"\/><polyline points=\"22,4 12,13 2,4\"\/><\/svg>\n                        <span>info@adjusteye.com<\/span>\n                    <\/div>\n                    <div class=\"flgb-ft-footer-contact-item\">\n                        <svg width=\"18\" height=\"18\" viewbox=\"0 0 24 24\" fill=\"none\" stroke=\"currentColor\" stroke-width=\"1.5\" stroke-linecap=\"round\" stroke-linejoin=\"round\" style=\"flex-shrink:0\"><path d=\"M22 16.92v3a2 2 0 0 1-2.18 2 19.79 19.79 0 0 1-8.63-3.07 19.5 19.5 0 0 1-6-6 19.79 19.79 0 0 1-3.07-8.67A2 2 0 0 1 4.11 2h3a2 2 0 0 1 2 1.72c.127.96.361 1.903.7 2.81a2 2 0 0 1-.45 2.11L8.09 9.91a16 16 0 0 0 6 6l1.27-1.27a2 2 0 0 1 2.11-.45c.907.339 1.85.573 2.81.7A2 2 0 0 1 22 16.92z\"\/><\/svg>\n                        <span>+421 952 290 922<\/span>\n                    <\/div>\n                                    <\/div>\n            <\/div>\n            \n        <\/div>\n        \n    <\/div>\n<\/div>\n\n<!-- Credits Bar -->\n<div class=\"flgb-ft-credits-bar\">\n    <div class=\"flgb-ft-credits-bar-inner\">\n        <span>\u00a92026 AdjustEye. V\u0161etky pr\u00e1va vyhraden\u00e9<\/span>\n            <\/div>\n<\/div>","protected":false},"excerpt":{"rendered":"","protected":false},"author":1,"featured_media":0,"parent":0,"menu_order":0,"comment_status":"closed","ping_status":"closed","template":"","meta":{"footnotes":""},"class_list":["post-14","page","type-page","status-publish","hentry"],"_links":{"self":[{"href":"https:\/\/adjusteye.com\/sk\/wp-json\/wp\/v2\/pages\/14","targetHints":{"allow":["GET"]}}],"collection":[{"href":"https:\/\/adjusteye.com\/sk\/wp-json\/wp\/v2\/pages"}],"about":[{"href":"https:\/\/adjusteye.com\/sk\/wp-json\/wp\/v2\/types\/page"}],"author":[{"embeddable":true,"href":"https:\/\/adjusteye.com\/sk\/wp-json\/wp\/v2\/users\/1"}],"replies":[{"embeddable":true,"href":"https:\/\/adjusteye.com\/sk\/wp-json\/wp\/v2\/comments?post=14"}],"version-history":[{"count":0,"href":"https:\/\/adjusteye.com\/sk\/wp-json\/wp\/v2\/pages\/14\/revisions"}],"wp:attachment":[{"href":"https:\/\/adjusteye.com\/sk\/wp-json\/wp\/v2\/media?parent=14"}],"curies":[{"name":"wp","href":"https:\/\/api.w.org\/{rel}","templated":true}]}}